{"id":346,"date":"2025-07-09T13:28:15","date_gmt":"2025-07-09T11:28:15","guid":{"rendered":"https:\/\/monikalech.pl\/?page_id=346"},"modified":"2025-10-07T16:19:18","modified_gmt":"2025-10-07T14:19:18","slug":"moje-ksiazki","status":"publish","type":"page","link":"https:\/\/monikalech.pl\/index.php\/moje-ksiazki\/","title":{"rendered":"Moje ksi\u0105\u017cki"},"content":{"rendered":"\n<div class=\"wp-block-group alignwide is-content-justification-center is-layout-constrained wp-block-group-is-layout-constrained\">\n<h2 class=\"wp-block-heading\">Przedstawiam Ci &#8222;Drog\u0119 Smoka&#8221; i inne moje ksi\u0105\u017cki. Zapraszam!<\/h2>\n<\/div>\n\n\n\n<div class=\"wp-block-buttons is-content-justification-center is-layout-flex wp-container-core-buttons-is-layout-f1909aef wp-block-buttons-is-layout-flex\">\n<div class=\"wp-block-button\"><a class=\"wp-block-button__link wp-element-button\" href=\"https:\/\/lubimyczytac.pl\/autor\/178987\/monika-lech\">&#8222;Droga Smoka&#8221; na lubimyczytac.pl<\/a><\/div>\n<\/div>\n\n\n\n<h2 class=\"wp-block-heading\">G\u0142\u00f3wna seria &#8222;Drogi Smoka&#8221;<\/h2>\n\n\n\n<div class=\"wp-block-media-text is-stacked-on-mobile\" style=\"grid-template-columns:20% auto\"><figure class=\"wp-block-media-text__media\"><a href=\"https:\/\/www.legimi.pl\/ebook-morze-krwi-lech-monika,b689211.html\"><img loading=\"lazy\" decoding=\"async\" width=\"658\" height=\"1024\" src=\"https:\/\/monikalech.pl\/wp-content\/uploads\/2025\/10\/Morze-krwi-658x1024.jpg\" alt=\"\" class=\"wp-image-639 size-full\" srcset=\"https:\/\/monikalech.pl\/wp-content\/uploads\/2025\/10\/Morze-krwi-658x1024.jpg 658w, https:\/\/monikalech.pl\/wp-content\/uploads\/2025\/10\/Morze-krwi-193x300.jpg 193w, https:\/\/monikalech.pl\/wp-content\/uploads\/2025\/10\/Morze-krwi-768x1195.jpg 768w, https:\/\/monikalech.pl\/wp-content\/uploads\/2025\/10\/Morze-krwi-987x1536.jpg 987w, https:\/\/monikalech.pl\/wp-content\/uploads\/2025\/10\/Morze-krwi-1316x2048.jpg 1316w, https:\/\/monikalech.pl\/wp-content\/uploads\/2025\/10\/Morze-krwi.jpg 1594w\" sizes=\"auto, (max-width: 658px) 100vw, 658px\" \/><\/a><\/figure><div class=\"wp-block-media-text__content\">\n<p><strong><a href=\"https:\/\/monikalech.pl\/index.php\/moje-ksiazki__trashed\/morze-krwi\/\" data-type=\"page\" data-id=\"269\">Tom 1 &#8211; &#8222;Morze krwi&#8221;<\/a><\/strong><\/p>\n\n\n\n<p><strong>Alex Fitzwilliam<\/strong>, Inkwizytor z Preternatural Bureau of Investigation, trafia do Krakowa po atakach na jego \u017cycie. Jego ochron\u0105 zajmuje si\u0119&nbsp;<strong>Andrea Niwi\u0144ski<\/strong>&nbsp;&#8211; cz\u0142owiek, kt\u00f3ry wcale nie ma ochoty go pilnowa\u0107. Podczas rekonwalescencji Alex prowadzi \u015bledztwo w sprawie zaginionych Zmiennych, a Andrea musi zdecydowa\u0107, czy wr\u00f3ci\u0107 do dawnego \u017cycia. Krakowska kohabitacja wydaje si\u0119 spokojna, dop\u00f3ki inni Zmienni nie wkraczaj\u0105 w \u017cycie dziewczyny&#8230;<\/p>\n\n\n\n<p><a href=\"https:\/\/www.legimi.pl\/ebook-morze-krwi-lech-monika,b689211.html\" data-type=\"link\" data-id=\"https:\/\/www.legimi.pl\/ebook-morze-krwi-lech-monika,b689211.html\">&#8222;Morze krwi&#8221; na Legimi.pl. <\/a>Przekonaj si\u0119, czy i Ty polubisz braci Napier\u00f3w!<\/p>\n\n\n\n<p>&nbsp;<\/p>\n<\/div><\/div>\n\n\n\n<div class=\"wp-block-media-text has-media-on-the-right is-stacked-on-mobile\" style=\"grid-template-columns:auto 20%\"><div class=\"wp-block-media-text__content\">\n<p><strong><a href=\"https:\/\/monikalech.pl\/index.php\/moje-ksiazki__trashed\/morze-krwi\/\" data-type=\"page\" data-id=\"269\">Tom <\/a><a href=\"https:\/\/monikalech.pl\/index.php\/moje-ksiazki__trashed\/pracowite-wakacje-w-rzymie\/\" data-type=\"page\" data-id=\"274\">2 &#8211; &#8222;Pracowite wakacje w Rzymie<\/a>&#8222;<\/strong><\/p>\n\n\n\n<p><strong>Andrea Niwi\u0144ski<\/strong>&nbsp;i&nbsp;<strong>Alex Fitzwilliam<\/strong>&nbsp;planowali spokojne wakacje w Krakowie po misji w Kongo. Zamiast tego musz\u0105 jecha\u0107 do Rzymu, gdzie Andy ma pracowa\u0107 dla mafijnego bossa&nbsp;<strong>Iwana Do\u0142horukiego<\/strong>. W Wiecznym Mie\u015bcie spotykaj\u0105&nbsp;<strong>Olega Tsun<\/strong>&nbsp;&#8211; Zmiennego Alf\u0119 Watahy Rzymu, co prowadzi do emocjonalnego tr\u00f3jk\u0105ta. Walka o wp\u0142ywy, porwanie i rosn\u0105ca magia to dopiero pocz\u0105tek. Najgro\u017aniejsza oka\u017ce si\u0119 m\u0142odzie\u0144cza ambicja siostrze\u0144ca mafioza, kt\u00f3ra mo\u017ce brutalnie zako\u0144czy\u0107 dzieci\u0144stwo dwunastoletniej dziewczynki.<\/p>\n\n\n\n<p><a href=\"https:\/\/www.legimi.pl\/ebook-pracowite-wakacje-w-rzymie-lech-monika,b689217.html\" data-type=\"link\" data-id=\"https:\/\/www.legimi.pl\/ebook-pracowite-wakacje-w-rzymie-lech-monika,b689217.html\">&#8222;Pracowite wakacje w Rzymie&#8221; na Legimi.pl <\/a>&#8211; przekonaj si\u0119, czy uwiedzie Ci\u0119 Wieczne Miasto!<\/p>\n\n\n\n<p>&nbsp;<\/p>\n<\/div><figure class=\"wp-block-media-text__media\"><img loading=\"lazy\" decoding=\"async\" width=\"658\" height=\"1024\" src=\"https:\/\/monikalech.pl\/wp-content\/uploads\/2025\/10\/Pracowite-wakacje-w-Rzymie-658x1024.jpg\" alt=\"\" class=\"wp-image-644 size-full\" srcset=\"https:\/\/monikalech.pl\/wp-content\/uploads\/2025\/10\/Pracowite-wakacje-w-Rzymie-658x1024.jpg 658w, https:\/\/monikalech.pl\/wp-content\/uploads\/2025\/10\/Pracowite-wakacje-w-Rzymie-193x300.jpg 193w, https:\/\/monikalech.pl\/wp-content\/uploads\/2025\/10\/Pracowite-wakacje-w-Rzymie-768x1195.jpg 768w, https:\/\/monikalech.pl\/wp-content\/uploads\/2025\/10\/Pracowite-wakacje-w-Rzymie-987x1536.jpg 987w, https:\/\/monikalech.pl\/wp-content\/uploads\/2025\/10\/Pracowite-wakacje-w-Rzymie-1316x2048.jpg 1316w, https:\/\/monikalech.pl\/wp-content\/uploads\/2025\/10\/Pracowite-wakacje-w-Rzymie.jpg 1594w\" sizes=\"auto, (max-width: 658px) 100vw, 658px\" \/><\/figure><\/div>\n\n\n\n<div class=\"wp-block-media-text is-stacked-on-mobile\" style=\"grid-template-columns:20% auto\"><figure class=\"wp-block-media-text__media\"><a href=\"https:\/\/www.legimi.pl\/ebook-sztuka-znikania-lech-monika,b689214.html\"><img loading=\"lazy\" decoding=\"async\" width=\"531\" height=\"751\" src=\"https:\/\/monikalech.pl\/wp-content\/uploads\/2025\/07\/w400_u90-2.jpg\" alt=\"\" class=\"wp-image-88 size-full\" srcset=\"https:\/\/monikalech.pl\/wp-content\/uploads\/2025\/07\/w400_u90-2.jpg 531w, https:\/\/monikalech.pl\/wp-content\/uploads\/2025\/07\/w400_u90-2-212x300.jpg 212w\" sizes=\"auto, (max-width: 531px) 100vw, 531px\" \/><\/a><\/figure><div class=\"wp-block-media-text__content\">\n<p><strong><a href=\"https:\/\/monikalech.pl\/index.php\/moje-ksiazki__trashed\/sztuka-znikania\/\" data-type=\"page\" data-id=\"278\">Tom 3 &#8211; &#8222;Sztuka znikania&#8221; <\/a><\/strong><\/p>\n\n\n\n<p>Po przygodach w Afryce i Rzymie&nbsp;<strong>Andrea Niwi\u0144ski, Oleg Tsun i Alex Fitzwilliam<\/strong>&nbsp;marz\u0105 o spokojnym \u017cyciu we tr\u00f3jk\u0119. Tymczasem Alex jako Inkwizytor ma wi\u0119cej pracy z szalej\u0105cymi Zmiennymi, kto\u015b organizuje napady na Andre\u0119, a Oleg zostaje Uzdrowicielem. Gdy wydaje si\u0119, \u017ce najgorsze za nimi, pojawia si\u0119&nbsp;<strong>Margaret Ann Bayldon<\/strong>&nbsp;&#8211; nie\u015bmiertelna \u017cona Alexa z 1632 roku. Wampirzyca \u017c\u0105da zerwania zwi\u0105zku i wymusza magiczne rozdzielenie tr\u00f3jki. Wyb\u00f3r jest prosty: albo przestan\u0105 by\u0107 razem, albo Alex i Andrea zgin\u0105.<\/p>\n\n\n\n<p><a href=\"https:\/\/www.legimi.pl\/ebook-sztuka-znikania-lech-monika,b689214.html\" data-type=\"link\" data-id=\"https:\/\/www.legimi.pl\/ebook-sztuka-znikania-lech-monika,b689214.html\">&#8222;Sztuka znikania&#8221; na Legimi.pl<\/a> &#8211; sprawd\u017a! Przeczytaj!<\/p>\n\n\n\n<p>&nbsp;<\/p>\n<\/div><\/div>\n\n\n\n<div class=\"wp-block-media-text has-media-on-the-right is-stacked-on-mobile\" style=\"grid-template-columns:auto 20%\"><div class=\"wp-block-media-text__content\">\n<p><strong><a href=\"https:\/\/monikalech.pl\/index.php\/moje-ksiazki__trashed\/sztuka-znikania\/\" data-type=\"page\" data-id=\"278\">Tom 4 &#8211; <\/a><\/strong><a href=\"https:\/\/monikalech.pl\/index.php\/moje-ksiazki__trashed\/sztuka-znikania\/\" data-type=\"page\" data-id=\"278\"><strong>&#8222;<\/strong><\/a><a href=\"https:\/\/monikalech.pl\/index.php\/moje-ksiazki__trashed\/czarne-piaski\/\" data-type=\"page\" data-id=\"295\"><strong>Czarne Piaski&#8221;<\/strong><\/a><\/p>\n\n\n\n<p>Po przygodach w Afryce i Rzymie&nbsp;<strong>Andrea Niwi\u0144ski, Oleg Tsun i Alex Fitzwilliam<\/strong>&nbsp;marz\u0105 o spokojnym \u017cyciu we tr\u00f3jk\u0119. Tymczasem Alex jako Inkwizytor ma wi\u0119cej pracy z szalej\u0105cymi Zmiennymi, kto\u015b organizuje napady na Andre\u0119, a Oleg zostaje Uzdrowicielem. Gdy wydaje si\u0119, \u017ce najgorsze za nimi, pojawia si\u0119&nbsp;<strong>Margaret Ann Bayldon<\/strong>&nbsp;&#8211; nie\u015bmiertelna \u017cona Alexa z 1632 roku. Wampirzyca \u017c\u0105da zerwania zwi\u0105zku i wymusza magiczne rozdzielenie tr\u00f3jki. Wyb\u00f3r jest prosty: albo przestan\u0105 by\u0107 razem, albo Alex i Andrea zgin\u0105.<\/p>\n\n\n\n<p><a href=\"https:\/\/oficynka.pl\/pl\/p\/Czarne-piaski-Monika-Lech\/865\" data-type=\"link\" data-id=\"https:\/\/oficynka.pl\/pl\/p\/Czarne-piaski-Monika-Lech\/865\">&#8222;Czarne Piaski&#8221; na stronie Wydawnictwa Oficynka. <\/a>Sprawd\u017a czy Andrei, Olegowi i Alexowi si\u0119 uda?<\/p>\n\n\n\n<p>&nbsp;<\/p>\n<\/div><figure class=\"wp-block-media-text__media\"><a href=\"https:\/\/www.legimi.pl\/ebook-sztuka-znikania-lech-monika,b689214.html\"><img loading=\"lazy\" decoding=\"async\" width=\"658\" height=\"1024\" src=\"https:\/\/monikalech.pl\/wp-content\/uploads\/2025\/07\/Monika-Lech_Czarne-piaski-rgb-658x1024.jpg\" alt=\"\" class=\"wp-image-63 size-full\" srcset=\"https:\/\/monikalech.pl\/wp-content\/uploads\/2025\/07\/Monika-Lech_Czarne-piaski-rgb-658x1024.jpg 658w, https:\/\/monikalech.pl\/wp-content\/uploads\/2025\/07\/Monika-Lech_Czarne-piaski-rgb-193x300.jpg 193w, https:\/\/monikalech.pl\/wp-content\/uploads\/2025\/07\/Monika-Lech_Czarne-piaski-rgb-768x1195.jpg 768w, https:\/\/monikalech.pl\/wp-content\/uploads\/2025\/07\/Monika-Lech_Czarne-piaski-rgb-987x1536.jpg 987w, https:\/\/monikalech.pl\/wp-content\/uploads\/2025\/07\/Monika-Lech_Czarne-piaski-rgb-300x467.jpg 300w, https:\/\/monikalech.pl\/wp-content\/uploads\/2025\/07\/Monika-Lech_Czarne-piaski-rgb-850x1322.jpg 850w, https:\/\/monikalech.pl\/wp-content\/uploads\/2025\/07\/Monika-Lech_Czarne-piaski-rgb.jpg 1316w\" sizes=\"auto, (max-width: 658px) 100vw, 658px\" \/><\/a><\/figure><\/div>\n\n\n\n<h2 class=\"wp-block-heading\">Zejd\u017amy z &#8222;Drogi Smoka&#8221; czyli ten sam \u015bwiat, ale inni bohaterowie<\/h2>\n\n\n\n<div class=\"wp-block-media-text is-stacked-on-mobile\" style=\"grid-template-columns:20% auto\"><figure class=\"wp-block-media-text__media\"><a href=\"https:\/\/www.legimi.pl\/ebook-sztuka-znikania-lech-monika,b689214.html\"><img loading=\"lazy\" decoding=\"async\" width=\"658\" height=\"1024\" src=\"https:\/\/monikalech.pl\/wp-content\/uploads\/2025\/07\/Kosc_niezgody_front_13-12-2024-1-658x1024.webp\" alt=\"\" class=\"wp-image-402 size-full\" srcset=\"https:\/\/monikalech.pl\/wp-content\/uploads\/2025\/07\/Kosc_niezgody_front_13-12-2024-1-658x1024.webp 658w, https:\/\/monikalech.pl\/wp-content\/uploads\/2025\/07\/Kosc_niezgody_front_13-12-2024-1-193x300.webp 193w, https:\/\/monikalech.pl\/wp-content\/uploads\/2025\/07\/Kosc_niezgody_front_13-12-2024-1-768x1195.webp 768w, https:\/\/monikalech.pl\/wp-content\/uploads\/2025\/07\/Kosc_niezgody_front_13-12-2024-1-987x1536.webp 987w, https:\/\/monikalech.pl\/wp-content\/uploads\/2025\/07\/Kosc_niezgody_front_13-12-2024-1.webp 1234w\" sizes=\"auto, (max-width: 658px) 100vw, 658px\" \/><\/a><\/figure><div class=\"wp-block-media-text__content\">\n<p><strong><a href=\"https:\/\/monikalech.pl\/index.php\/moje-ksiazki__trashed\/kosc-niezgody\/\" data-type=\"page\" data-id=\"534\">&#8222;Ko\u015b\u0107 niezgody&#8221; <\/a><\/strong><\/p>\n\n\n\n<p>Ola i Ba\u015bka (znane s\u0105 Czytelniczkom i Czytelnikom &#8222;Drogi Smoka&#8221; z tego, \u017ce jako jedne z niewielu os\u00f3b nie boj\u0105 si\u0119 Andrei, za to ona ich obawia si\u0119 bardzo), wyje\u017cd\u017caj\u0105 na wakacje do Rzymu. Tam niespodziewanie jedna z nich staje si\u0119 \u015bwiadkiem morderstwa. Policja szybko znajduje koz\u0142a ofiarnego i zamyka spraw\u0119. Nie podoba si\u0119 to dociekliwym turystkom, kt\u00f3re jak zwykle maj\u0105 swoje zdanie i nie s\u0142uchaj\u0105 g\u0142osu rozs\u0105dku. Z uporem d\u0105\u017c\u0105 wi\u0119c do znalezienia sprawcy, wik\u0142aj\u0105c si\u0119 przy tym w wiele zabawnych zdarze\u0144, a pomagaj\u0105 im w tym nietypowi ochroniarze.&nbsp;<\/p>\n\n\n\n<p>Ci\u0119ty j\u0119zyk bohaterek, ich specyficzne poczucie humoru i niew\u0105tpliwy talent detektywistyczny sprawiaj\u0105, \u017ce takiego \u015bledztwa dostojne mury rzymskich budowli jeszcze nie widzia\u0142y.<\/p>\n\n\n\n<p><a href=\"https:\/\/oficynka.pl\/pl\/p\/Kosc-niezgody-Monika-Lech\/908\" data-type=\"link\" data-id=\"https:\/\/oficynka.pl\/pl\/p\/Kosc-niezgody-Monika-Lech\/908\">&#8222;Ko\u015b\u0107 niezgody&#8221; na stronie Wydawnictwa Oficynka. <\/a>Sprawd\u017a, co potrafi\u0105 s\u0142odkie pa\u0144cie po 50-tce!<\/p>\n\n\n\n<p><a href=\"https:\/\/audioteka.com\/pl\/audiobook\/kosc-niezgody\/\" data-type=\"link\" data-id=\"https:\/\/audioteka.com\/pl\/audiobook\/kosc-niezgody\/\">&#8222;Ko\u015b\u0107 niezgody&#8221; audiobook do pos\u0142uchania! <\/a>W samochodzie, w autobusie, w pracy?<\/p>\n\n\n\n<p>&nbsp;<\/p>\n<\/div><\/div>\n\n\n\n<div class=\"wp-block-media-text has-media-on-the-right is-stacked-on-mobile\" style=\"grid-template-columns:auto 20%\"><div class=\"wp-block-media-text__content\">\n<p><strong>&#8222;Kafejka nad Wis\u0142\u0105&#8221; <\/strong><\/p>\n\n\n\n<p>Magda robi doktorat i dorabia jako kelnerka. Ka\u017cdego dnia idzie z Muranowa nad Wis\u0142\u0119, do kafejki, w kt\u00f3rej pracuje. Jej \u017cycie wydaje si\u0119 spokojne i nudne, ale to tylko poz\u00f3r. Nikt nie wie, \u017ce Magda na dnie serca chowa strach. Demon\u00f3w przesz\u0142o\u015bci nigdy nie uda\u0142o si\u0119 jej przegna\u0107 do ko\u0144ca, ale kobieta stara si\u0119 \u017cy\u0107 jak &#8222;normalni ludzie&#8221;. Boi si\u0119 jednak coraz bardziej, a jej strach eksploduje, gdy widzi, ile ptak\u00f3w pad\u0142o w jej dzielnicy w czasie jednej nocy, ile ma\u0142ych cia\u0142 zalega na chodnikach.&nbsp;&nbsp;Nocne spotkanie z pijakiem nie poprawia jej samopoczucia. By\u0142o niebezpiecznie, a by\u0142oby \u017ale, gdyby nie jogger, kt\u00f3ry pomaga Magdzie. M\u0119\u017cczyzna ma na imi\u0119 Claude i jak si\u0119 okazuje &#8211; nie jest cz\u0142owiekiem, a Zmiennym.&nbsp;Claude tropi w Warszawie Nadnaturalnego przest\u0119pc\u0119.&nbsp;<\/p>\n\n\n\n<p><a href=\"https:\/\/www.legimi.pl\/ebook-kafejka-nad-wisla-lech-monika,b689465.html\" data-type=\"link\" data-id=\"https:\/\/www.legimi.pl\/ebook-kafejka-nad-wisla-lech-monika,b689465.html\">&#8222;Kafejka nad Wis\u0142\u0105&#8221; na Legimi.pl.<\/a> Sprawd\u017a, czy polubisz Magd\u0119 i Claude!<\/p>\n\n\n\n<p>&nbsp;<\/p>\n<\/div><figure class=\"wp-block-media-text__media\"><a href=\"https:\/\/www.legimi.pl\/ebook-kafejka-nad-wisla-lech-monika,b689465.html\"><img loading=\"lazy\" decoding=\"async\" width=\"658\" height=\"1024\" src=\"https:\/\/monikalech.pl\/wp-content\/uploads\/2025\/10\/Kafejka-nad-Wisla-658x1024.jpg\" alt=\"\" class=\"wp-image-642 size-full\" srcset=\"https:\/\/monikalech.pl\/wp-content\/uploads\/2025\/10\/Kafejka-nad-Wisla-658x1024.jpg 658w, https:\/\/monikalech.pl\/wp-content\/uploads\/2025\/10\/Kafejka-nad-Wisla-193x300.jpg 193w, https:\/\/monikalech.pl\/wp-content\/uploads\/2025\/10\/Kafejka-nad-Wisla-768x1195.jpg 768w, https:\/\/monikalech.pl\/wp-content\/uploads\/2025\/10\/Kafejka-nad-Wisla-987x1536.jpg 987w, https:\/\/monikalech.pl\/wp-content\/uploads\/2025\/10\/Kafejka-nad-Wisla-1316x2048.jpg 1316w, https:\/\/monikalech.pl\/wp-content\/uploads\/2025\/10\/Kafejka-nad-Wisla.jpg 1594w\" sizes=\"auto, (max-width: 658px) 100vw, 658px\" \/><\/a><\/figure><\/div>\n\n\n\n<h2 class=\"wp-block-heading\">A teraz co\u015b zupe\u0142nie, zupe\u0142nie innego, czyli&#8230;<\/h2>\n\n\n\n<div class=\"wp-block-media-text is-stacked-on-mobile\" style=\"grid-template-columns:20% auto\"><figure class=\"wp-block-media-text__media\"><a href=\"https:\/\/www.legimi.pl\/ebook-mikropowiesci-dwie-lech-monika,b368639.html\"><img loading=\"lazy\" decoding=\"async\" width=\"400\" height=\"600\" src=\"https:\/\/monikalech.pl\/wp-content\/uploads\/2025\/07\/w400_u90-3.jpg\" alt=\"\" class=\"wp-image-87 size-full\" srcset=\"https:\/\/monikalech.pl\/wp-content\/uploads\/2025\/07\/w400_u90-3.jpg 400w, https:\/\/monikalech.pl\/wp-content\/uploads\/2025\/07\/w400_u90-3-200x300.jpg 200w\" sizes=\"auto, (max-width: 400px) 100vw, 400px\" \/><\/a><\/figure><div class=\"wp-block-media-text__content\">\n<p><strong>Mikropowie\u015bci. Dwie. <\/strong><\/p>\n\n\n\n<p>Dwie mikropowie\u015bci:&nbsp;<strong>&#8222;Bitwa na miar\u0119 jednego \u017cycia&#8221;<\/strong>&nbsp;i&nbsp;<strong>&#8222;Mrs Wheelon-Jones ma zwidy&#8221;<\/strong>&nbsp;prowadz\u0105 Czytelnik\u00f3w do dw\u00f3ch, bardzo r\u00f3\u017cnych \u015bwiat\u00f3w. Jeden jest czym\u015b w rodzaju staro\u017cytnego Rzymu, drugi mo\u017ce by\u0107 nawet i na Ziemi.<\/p>\n\n\n\n<p><br>Co \u0142\u0105czy oba te \u015bwiaty, to ich dystopijny charakter. W \u017cadnym z nich nie chcieliby\u015bmy mieszka\u0107, istnienia \u017cadnego z nich nie chcemy nawet dopuszcza\u0107 do g\u0142owy. Ale&#8230; Ale mo\u017ce oba nie s\u0105 tak dalekie, jak by si\u0119 wydawa\u0142o? Mo\u017ce nie trzeba by\u0107 na odleg\u0142ej planecie, \u017ceby pozwoli\u0107 si\u0119 wykrzywi\u0107 pozornym cnotom? Mo\u017ce wystarczy zacz\u0105\u0107 nie zauwa\u017ca\u0107 os\u00f3b wiekowych, chorych, s\u0142abych, innych, \u017ceby zacz\u0105\u0107 budowanie tego drugiego \u015bwiata?<br>Co si\u0119 mo\u017ce sta\u0107 ze \u015bwiatem zbudowanym na tradycyjnych, rzymskich cnotach, do kt\u00f3rych do\u0142o\u017cy si\u0119 odrobin\u0119 kosmicznego &#8222;czego\u015b&#8221;?<br>Co mo\u017ce si\u0119 sta\u0107 z nami, je\u015bli m\u0142odo\u015b\u0107 i popularno\u015b\u0107 b\u0119d\u0105 jedynymi rzeczami, o kt\u00f3rych marzymy?&nbsp;<\/p>\n\n\n\n<p>Autorka udziela swojej odpowiedzi w &#8222;Mikropowie\u015bci. Dwie&#8221;<\/p>\n\n\n\n<p><a href=\"https:\/\/www.legimi.pl\/ebook-mikropowiesci-dwie-lech-monika,b368639.html\">&#8222;Mikropowie\u015bci. Dwie&#8221; na Legimi.pl. <\/a>Spr\u00f3buj dystopii, mo\u017ce Ci posmakuje?<\/p>\n<\/div><\/div>\n\n\n\n<p>&nbsp;<\/p>\n","protected":false},"excerpt":{"rendered":"<p>Przedstawiam Ci &#8222;Drog\u0119 Smoka&#8221; i inne moje ksi\u0105\u017cki. Zapraszam! G\u0142\u00f3wna seria &#8222;Drogi Smoka&#8221; Tom 1 &#8211; &#8222;Morze krwi&#8221; Alex Fitzwilliam, [&hellip;]<\/p>\n","protected":false},"author":1,"featured_media":0,"parent":0,"menu_order":0,"comment_status":"closed","ping_status":"closed","template":"","meta":{"site-sidebar-layout":"default","site-content-layout":"","ast-site-content-layout":"default","site-content-style":"default","site-sidebar-style":"default","ast-global-header-display":"","ast-banner-title-visibility":"","ast-main-header-display":"","ast-hfb-above-header-display":"","ast-hfb-below-header-display":"","ast-hfb-mobile-header-display":"","site-post-title":"","ast-breadcrumbs-content":"","ast-featured-img":"","footer-sml-layout":"","theme-transparent-header-meta":"","adv-header-id-meta":"","stick-header-meta":"","header-above-stick-meta":"","header-main-stick-meta":"","header-below-stick-meta":"","astra-migrate-meta-layouts":"default","ast-page-background-enabled":"default","ast-page-background-meta":{"desktop":{"background-color":"var(--ast-global-color-5)","background-image":"","background-repeat":"repeat","background-position":"center center","background-size":"auto","background-attachment":"scroll","background-type":"","background-media":"","overlay-type":"","overlay-color":"","overlay-opacity":"","overlay-gradient":""},"tablet":{"background-color":"","background-image":"","background-repeat":"repeat","background-position":"center center","background-size":"auto","background-attachment":"scroll","background-type":"","background-media":"","overlay-type":"","overlay-color":"","overlay-opacity":"","overlay-gradient":""},"mobile":{"background-color":"","background-image":"","background-repeat":"repeat","background-position":"center center","background-size":"auto","background-attachment":"scroll","background-type":"","background-media":"","overlay-type":"","overlay-color":"","overlay-opacity":"","overlay-gradient":""}},"ast-content-background-meta":{"desktop":{"background-color":"var(--ast-global-color-4)","background-image":"","background-repeat":"repeat","background-position":"center center","background-size":"auto","background-attachment":"scroll","background-type":"","background-media":"","overlay-type":"","overlay-color":"","overlay-opacity":"","overlay-gradient":""},"tablet":{"background-color":"var(--ast-global-color-4)","background-image":"","background-repeat":"repeat","background-position":"center center","background-size":"auto","background-attachment":"scroll","background-type":"","background-media":"","overlay-type":"","overlay-color":"","overlay-opacity":"","overlay-gradient":""},"mobile":{"background-color":"var(--ast-global-color-4)","background-image":"","background-repeat":"repeat","background-position":"center center","background-size":"auto","background-attachment":"scroll","background-type":"","background-media":"","overlay-type":"","overlay-color":"","overlay-opacity":"","overlay-gradient":""}},"_themeisle_gutenberg_block_has_review":false,"footnotes":""},"class_list":["post-346","page","type-page","status-publish","hentry"],"_links":{"self":[{"href":"https:\/\/monikalech.pl\/index.php\/wp-json\/wp\/v2\/pages\/346","targetHints":{"allow":["GET"]}}],"collection":[{"href":"https:\/\/monikalech.pl\/index.php\/wp-json\/wp\/v2\/pages"}],"about":[{"href":"https:\/\/monikalech.pl\/index.php\/wp-json\/wp\/v2\/types\/page"}],"author":[{"embeddable":true,"href":"https:\/\/monikalech.pl\/index.php\/wp-json\/wp\/v2\/users\/1"}],"replies":[{"embeddable":true,"href":"https:\/\/monikalech.pl\/index.php\/wp-json\/wp\/v2\/comments?post=346"}],"version-history":[{"count":27,"href":"https:\/\/monikalech.pl\/index.php\/wp-json\/wp\/v2\/pages\/346\/revisions"}],"predecessor-version":[{"id":645,"href":"https:\/\/monikalech.pl\/index.php\/wp-json\/wp\/v2\/pages\/346\/revisions\/645"}],"wp:attachment":[{"href":"https:\/\/monikalech.pl\/index.php\/wp-json\/wp\/v2\/media?parent=346"}],"curies":[{"name":"wp","href":"https:\/\/api.w.org\/{rel}","templated":true}]}}